{"id":44,"date":"2012-12-24T19:07:30","date_gmt":"2012-12-24T19:07:30","guid":{"rendered":"http:\/\/lastierrasdelrincon.org\/bitacora\/?page_id=44"},"modified":"2022-01-18T06:13:48","modified_gmt":"2022-01-18T06:13:48","slug":"acercade","status":"publish","type":"page","link":"http:\/\/www.lastierrasdelrincon.org\/bitacora\/acercade\/","title":{"rendered":"Acerca de"},"content":{"rendered":"\n<p><em>Dum Spiro, Spero\u2026. seguir en la lucha<\/em><\/p>\n\n\n\n<p><br><strong>CURRICULUM<\/strong><\/p>\n\n\n\n<ul class=\"wp-block-list\"><li>Practicante del bons\u00e1i y escritor, solo por hoy y para toda la vida.<\/li><li>Agradecido por haber tenido la oportunidad de vivir en casi todos los estados de la rep\u00fablica mexicana y orgulloso de que, hasta el d\u00eda de hoy, no he deseado \u201cirme \u2018pal otro lado\u201d.<\/li><li>Bur\u00f3crata, empleado de una de las empresas gubernamentales m\u00e1s &nbsp;conocidas de la entidad.<\/li><li>He incursionado, sin \u00e9xito, en la Iniciativa Privada como aspirante a empresario.<\/li><li>Estudios profesionales inconclusos en la Escuela Superior de F\u00edsica y Matem\u00e1ticas del I.P.N.<\/li><li>Educado familiarmente para creer que existe el concepto de mujer ideal y que de ella debo enamorarme. \u00bfMi aportaci\u00f3n?: que este ideal debe al menos parecerse un poco a Janis Joplin.<\/li><\/ul>\n\n\n\n<p><strong>INTER\u00c9SES<\/strong><\/p>\n\n\n\n<ul class=\"wp-block-list\"><li>Lectura- mucha lectura- de novela, cuento, revistas, libros t\u00e9cnicos de diversos temas.<\/li><li>Participante activo en algunas asociaciones de rehabilitaci\u00f3n para adictos.<\/li><li>Aficionado al cine desde temprana edad: al cine mexicano especialmente, nuevas creaciones del cine de Hollywood, documentales, cortos.<\/li><li>Amante de la m\u00fasica, en particular del rock. Admirador de Doors, Hendrix, Pink Floyd, Joe Cocker y todos esos grupos \u201cde anta\u00f1o\u201d, a quienes considero los mejores de todos los tiempos. \u201cRuquero\u201d, pu\u00e9s.<\/li><li>Promotor de las virtudes de la Internet como medio de comunicaci\u00f3n y facilitador de la conciencia de que los seres humanos forman parte de una sociedad que va m\u00e1s all\u00e1 de su barrio, colonia, estado o pa\u00eds.<\/li><\/ul>\n\n\n\n<p><strong>GUSTOS<\/strong><\/p>\n\n\n\n<ul class=\"wp-block-list\"><li>Escuchar a Pink Floyd en mis momentos creativos, a bajo volumen.<\/li><li>Tomar caf\u00e9 de grano en las ma\u00f1anas.<\/li><li>Las mujeres inteligentes, de sonrisa alegre y pies bonitos.<\/li><li>Saberme amado por las personas a quienes amo.<\/li><li>Temeroso de que mis amigos roqueros se enteren de mi vergonzoso secreto: que me emociono cuando escucho alguno de los \u00e9xitos de Marco Antonio Solis, el Buky.<\/li><\/ul>\n\n\n\n<p><em>Jes\u00fas F. Rodr\u00edguez<\/em><\/p>\n","protected":false},"excerpt":{"rendered":"<p>Dum Spiro, Spero\u2026. seguir en la lucha CURRICULUM Practicante del bons\u00e1i y escritor, solo por hoy y para toda la vida. Agradecido por haber tenido la oportunidad de vivir en casi todos los estados de la rep\u00fablica mexicana y orgulloso de que, hasta el d\u00eda de hoy, no he deseado \u201cirme \u2018pal otro lado\u201d. Bur\u00f3crata,&hellip;<\/p>\n","protected":false},"author":2,"featured_media":0,"parent":0,"menu_order":1,"comment_status":"open","ping_status":"open","template":"","meta":{"footnotes":""},"class_list":["post-44","page","type-page","status-publish","hentry"],"_links":{"self":[{"href":"http:\/\/www.lastierrasdelrincon.org\/bitacora\/wp-json\/wp\/v2\/pages\/44","targetHints":{"allow":["GET"]}}],"collection":[{"href":"http:\/\/www.lastierrasdelrincon.org\/bitacora\/wp-json\/wp\/v2\/pages"}],"about":[{"href":"http:\/\/www.lastierrasdelrincon.org\/bitacora\/wp-json\/wp\/v2\/types\/page"}],"author":[{"embeddable":true,"href":"http:\/\/www.lastierrasdelrincon.org\/bitacora\/wp-json\/wp\/v2\/users\/2"}],"replies":[{"embeddable":true,"href":"http:\/\/www.lastierrasdelrincon.org\/bitacora\/wp-json\/wp\/v2\/comments?post=44"}],"version-history":[{"count":2,"href":"http:\/\/www.lastierrasdelrincon.org\/bitacora\/wp-json\/wp\/v2\/pages\/44\/revisions"}],"predecessor-version":[{"id":959,"href":"http:\/\/www.lastierrasdelrincon.org\/bitacora\/wp-json\/wp\/v2\/pages\/44\/revisions\/959"}],"wp:attachment":[{"href":"http:\/\/www.lastierrasdelrincon.org\/bitacora\/wp-json\/wp\/v2\/media?parent=44"}],"curies":[{"name":"wp","href":"https:\/\/api.w.org\/{rel}","templated":true}]}}